{"id":9,"date":"2024-11-04T16:04:40","date_gmt":"2024-11-04T16:04:40","guid":{"rendered":"https:\/\/batallitas.es\/galdos\/?page_id=9"},"modified":"2025-01-13T06:58:38","modified_gmt":"2025-01-13T06:58:38","slug":"fuentes","status":"publish","type":"page","link":"https:\/\/batallitas.es\/benito-perez-galdos\/fuentes\/","title":{"rendered":"Fuentes bibliogr\u00e1ficas"},"content":{"rendered":"\n<p>Las principales fuentes de esta cronolog\u00eda son las siguientes:<\/p>\n\n\n\n<p>1. El <em><a rel=\"noreferrer noopener\" href=\"https:\/\/webs.ucm.es\/info\/omnibus\/\" target=\"_blank\">Omnib\u00fas Galdosiano<\/a><\/em> (de donde proceden la mayor\u00eda de los datos), un proyecto editado por el profesor Juli\u00e1n \u00c1vila Arellano y secundado por los galdosistas m\u00e1s importantes a nivel internacional. Por desgracia, no publica nueva informaci\u00f3n desde 2007.<\/p>\n\n\n\n<p>2. La primera biograf\u00eda sobre la figura de Gald\u00f3s, escrita por el hispanista norteamericano Hyman Chonon Berkowitz en los a\u00f1os 30 y 40 del siglo pasado y publicada p\u00f3stumamente en 1948 por la editorial de la Universidad de Wisconsin: <em><a href=\"https:\/\/batallitas.es\/benito-perez-galdos\/libro-perez-galdos-spanish-liberal-crusader-de-h-chonon-berkowitz\/\" target=\"_blank\" rel=\"noreferrer noopener\">P\u00e9rez Gald\u00f3s: Spanish Liberal Crusader<\/a><\/em>.<\/p>\n\n\n\n<p>3. La segunda biograf\u00eda del escritor, publicada casi 50 a\u00f1os despu\u00e9s que la primera por don Pedro Ortiz Armengol, diplom\u00e1tico, experto en la figura de Gald\u00f3s y presidente de la Asociaci\u00f3n Internacional de Galdosistas desde 1990 hasta su muerte. Pedro Ortiz-Armengol,&nbsp;<em>Vida de Gald\u00f3s<\/em>. Cr\u00edtica, Barcelona, 1996; 924 pp.<\/p>\n\n\n\n<p>4. La cronolog\u00eda publicada en 2006 por la Casa-Museo P\u00e9rez Gald\u00f3s y Cabildo de Gran Canaria, recopilada por varios autores. Puede consultarse <a href=\"https:\/\/batallitas.es\/benito-perez-galdos\/libro-benito-perez-galdos-cronologia-1843-1920\/\" target=\"_blank\" rel=\"noreferrer noopener\">aqu\u00ed<\/a>.<\/p>\n\n\n\n<p><strong>Otras fuentes bibliogr\u00e1ficas:<\/strong><\/p>\n\n\n\n<p>ARENCIBIA SANTANA, Yolanda. <em>Gald\u00f3s dramaturgo<\/em>. En l\u00ednea: http:\/\/www.teatro.es\/contenidos\/donGalan\/donGalanNum10\/monografico\/galdos-dramaturgo\/pagina1.html<\/p>\n\n\n\n<p>ARMAS AYALA, A. <em>Gald\u00f3s: lectura de una vida<\/em>, Santa Cruz de Tenerife, Caja General de Ahorros de Canarias, 1990.<\/p>\n\n\n\n<p>BELTRAN DE HEREDIA, Pablo. <em>Espa\u00f1a en la muerte de Gald\u00f3s<\/em>. Anales galdosianos<em>,<\/em>&nbsp;A\u00f1o V (1970), pp.88-100.<\/p>\n\n\n\n<p>BOTREL, Jean-Fran\u00e7ois. <em>Benito P\u00e9rez Gald\u00f3s \u00bfescritor nacional?<\/em> Actas del primer Congreso Internacional de Estudios Galdosianos , Las Palmas: Cabildo Insular de Gran Canaria, 1977, pp. 60-79.<\/p>\n\n\n\n<p>BRAVO VILLASANTE, C., <em>Gald\u00f3s visto por s\u00ed mismo<\/em>, Madrid, Magisterio Espa\u00f1ol, 1970.<\/p>\n\n\n\n<p>BRAVO VILLASANTE, C., <em>Gald\u00f3s<\/em>, Mondadori, 1988.<\/p>\n\n\n\n<p>CASALDUERO, J., <em>Vida y obra de Gald\u00f3s<\/em> (1843-1920), Madrid, Gredos, 1943, 1951, 1961, 1970, 1974.<\/p>\n\n\n\n<p>DENDLE, Brian J., <em>An interview with Gald\u00f3s, 1909<\/em>, Anales Galdosianos, XXIX-XXX (1994-1995), pp. 147-150.<\/p>\n\n\n\n<p>FOX, E. Inman. <em>En torno a<\/em> \u00abMariucha\u00bb. Cuadernos Hispanoamericanos<em>,<\/em>&nbsp;n.\u00ba 250-251-252 (octubre 1970 a enero 1971), pp.608-622. En l\u00ednea: http:\/\/www.cervantesvirtual.com\/obra\/en-torno-a-mariucha-galdos-en-1903\/<\/p>\n\n\n\n<p>FUENTES, V\u00edctor. <em>Gald\u00f3s dem\u00f3crata y republicano (escritos y discursos 1907-1913)<\/em>. Cabildo Insular de Gran Canaria, Universidad de La Laguna<br>Secretariado de Publicaciones. En l\u00ednea: https:\/\/mdc.ulpgc.es\/utils\/getfile\/collection\/MDC\/id\/44347\/filename\/80830.pdf<\/p>\n\n\n\n<p>GUIMER\u00c1 PERAZA, Marcos. <em>El pleito de Gald\u00f3s (1896-1899)<\/em>, Actas del I Congreso Internacional de Estudios Galdosianos, Las Palmas de Gran Canaria.<\/p>\n\n\n\n<p>HERN\u00c1NDEZ SU\u00c1REZ, Manuel. <em>Bibliograf\u00eda de Benito P\u00e9rez Gald\u00f3s<\/em>. <em>Anales galdosianos,<\/em>&nbsp;A\u00f1o IV (1969), pp. 128-147.<\/p>\n\n\n\n<p>HERRERA HERN\u00c1NDEZ, Manuel. <em>Amores, amor\u00edos y rumores en la vida de Gald\u00f3s<\/em>. Isidora: revista de estudios galdosianos, ISSN 1699-5996, N\u00ba. 9, 2009, p\u00e1gs. 65-92.<\/p>\n\n\n\n<p>HERRERA HERN\u00c1NDEZ, Manuel. <em>Testamento de Benito P\u00e9rez Gald\u00f3s<\/em>. Alicante: Biblioteca Virtual Miguel de Cervantes, 2017.<\/p>\n\n\n\n<p>HUALDE PASCUAL, Pilar. <em>\u00abCasandra\u00bb, de Gald\u00f3s: reinterpretaci\u00f3n desde el mito griego<\/em>, Exemplaria: Revista de Literatura Comparada = Journal of Comparative Literature, vol. 7 (2003), pp. 51-77.<\/p>\n\n\n\n<p>MORA GARC\u00cdA, Jos\u00e9 Luis. <em>Verdad hist\u00f3rica y verdad est\u00e9tica. Sobre el drama de P\u00e9rez Gald\u00f3s<\/em> Santa Juana de Castilla, publicado en Mart\u00ednez Mill\u00e1n y Reyero, C. (coord.), <em>El siglo de Carlos V y Felipe II. La construcci\u00f3n de los mitos en el siglo XIX<\/em>. T. II, Sociedad estatal para la conmemoraci\u00f3n de los centenarios, Madrid, 2000, pp. 69-99.<\/p>\n\n\n\n<p>NOUGU\u00c9, Andr\u00e9. <em>\u00abAnt\u00f3n Caballero\u00bb, de Benito P\u00e9rez Gald\u00f3s<\/em>. Edici\u00f3n digital a partir de&nbsp;<em>Cuadernos Hispanoamericanos,<\/em>&nbsp;n\u00fam. 250-251-252 (octubre 1970 a enero 1971), pp.641-649.<\/p>\n\n\n\n<p>QUINTANA, Covadonga. <em>Nota sobre el expediente acad\u00e9mico de Benito P\u00e9rez Gald\u00f3s<\/em>, 2020. Archivo de la Real Academia Espa\u00f1ola. En l\u00ednea: <a href=\"http:\/\/revistas.rae.es\/bilrae\/article\/view\/406\">http:\/\/revistas.rae.es\/bilrae\/article\/view\/406<\/a><\/p>\n\n\n\n<p>POLIZZI, Asunta. <em>Gald\u00f3s, el periodismo y la escritura. Reflexiones a partir del cuento \u00abEl art\u00edculo de fondo\u00bb<\/em>. Y. Arencibio, G. Gull\u00f3n, &amp; G. Galv\u00e1n (Ed.), La hora de Gald\u00f3s (pp. 201-217). Las Palmas de Gran Canaria, Cabildo Insular de Gran Canaria.<\/p>\n\n\n\n<p>RUIZ DE LA SERNA, E. y CRUZ QUINTANA, S., <em>Prehistoria y protohistoria de Benito P\u00e9rez Gald\u00f3s: contribuci\u00f3n a una biograf\u00eda<\/em>, Las Palmas, Cabildo Insular de Gran Canaria, 1973.<\/p>\n\n\n\n<p>SHOEMAKER, William H. <em>Problemas galdosianos sin resolver<\/em>. Actas del Cuarto Congreso de la Asociaci\u00f3n Internacional de Hispanistas: celebrado en Salamanca, agosto de 1971, Salamanca, Universidad de Salamanca, 1982, pp. 645-653.<\/p>\n\n\n\n<p>SMITH, Alan E., RODR\u00cdGUEZ S\u00c1NCHEZ, Mar\u00eda de los \u00c1ngeles; LOMASK, Laurie. <em>Benito P\u00e9rez Gald\u00f3s. Correspondencia<\/em>, Madrid, 2016, Ediciones C\u00e1tedra.<\/p>\n\n\n\n<p>SMITH, Alan E. <em>Los cuentos fant\u00e1sticos de Gald\u00f3s<\/em>. Universidad de Boston.<\/p>\n\n\n\n<p>VERDE MUNT\u00c1N, Luis. <em>Biograf\u00eda de Lorenza Cobi\u00e1n<\/em>. Jornadas madrile\u00f1as de novela hist\u00f3rica. En l\u00ednea: https:\/\/jornadasnovelahistoricamadrid.blogspot.com\/2020\/10\/lorenza-cobian-una-biografia-luis-verde-muntan-primera-parte.html<\/p>\n\n\n\n<p><strong>P\u00e1ginas web:<\/strong><\/p>\n\n\n\n<p>Historia Urbana de Madrid (<a href=\"https:\/\/historia-urbana-madrid.blogspot.com\/\">https:\/\/historia-urbana-madrid.blogspot.com\/<\/a>)<\/p>\n\n\n\n<p>Benito P\u00e9rez Gald\u00f3s (www.benitoperezgaldos.com)<\/p>\n\n\n\n<p>Madrid de Gald\u00f3s y mundo galdosiano (Grupo de Facebook) https:\/\/www.facebook.com\/groups\/299539286818953<\/p>\n\n\n\n<p>Benito P\u00e9rez Gald\u00f3s en Santander (https:\/\/benitoperezgaldossantander.es\/)<\/p>\n","protected":false},"excerpt":{"rendered":"<p>Las principales fuentes de esta cronolog\u00eda son las siguientes: 1. El Omnib\u00fas Galdosiano (de donde proceden la mayor\u00eda de los&#46;&#46;&#46;<\/p>\n","protected":false},"author":1,"featured_media":0,"parent":0,"menu_order":0,"comment_status":"closed","ping_status":"closed","template":"","meta":{"footnotes":""},"class_list":["post-9","page","type-page","status-publish","hentry"],"yoast_head":"<!-- This site is optimized with the Yoast SEO plugin v24.3 - https:\/\/yoast.com\/wordpress\/plugins\/seo\/ -->\n<title>Fuentes bibliogr\u00e1ficas - Cronolog\u00eda de la vida y la obra de Benito P\u00e9rez Gald\u00f3s<\/title>\n<meta name=\"robots\" content=\"index, follow, max-snippet:-1, max-image-preview:large, max-video-preview:-1\" \/>\n<link rel=\"canonical\" href=\"https:\/\/batallitas.es\/benito-perez-galdos\/fuentes\/\" \/>\n<meta property=\"og:locale\" content=\"es_ES\" \/>\n<meta property=\"og:type\" content=\"article\" \/>\n<meta property=\"og:title\" content=\"Fuentes bibliogr\u00e1ficas - Cronolog\u00eda de la vida y la obra de Benito P\u00e9rez Gald\u00f3s\" \/>\n<meta property=\"og:description\" content=\"Las principales fuentes de esta cronolog\u00eda son las siguientes: 1. El Omnib\u00fas Galdosiano (de donde proceden la mayor\u00eda de los&#046;&#046;&#046;\" \/>\n<meta property=\"og:url\" content=\"https:\/\/batallitas.es\/benito-perez-galdos\/fuentes\/\" \/>\n<meta property=\"og:site_name\" content=\"Cronolog\u00eda de la vida y la obra de Benito P\u00e9rez Gald\u00f3s\" \/>\n<meta property=\"article:modified_time\" content=\"2025-01-13T06:58:38+00:00\" \/>\n<meta property=\"og:image\" content=\"https:\/\/batallitas.es\/benito-perez-galdos\/wp-content\/uploads\/2025\/01\/facebook_thumbnail.jpg\" \/>\n\t<meta property=\"og:image:width\" content=\"1200\" \/>\n\t<meta property=\"og:image:height\" content=\"630\" \/>\n\t<meta property=\"og:image:type\" content=\"image\/jpeg\" \/>\n<meta name=\"twitter:card\" content=\"summary_large_image\" \/>\n<meta name=\"twitter:label1\" content=\"Tiempo de lectura\" \/>\n\t<meta name=\"twitter:data1\" content=\"4 minutos\" \/>\n<script type=\"application\/ld+json\" class=\"yoast-schema-graph\">{\"@context\":\"https:\/\/schema.org\",\"@graph\":[{\"@type\":\"WebPage\",\"@id\":\"https:\/\/batallitas.es\/benito-perez-galdos\/fuentes\/\",\"url\":\"https:\/\/batallitas.es\/benito-perez-galdos\/fuentes\/\",\"name\":\"Fuentes bibliogr\u00e1ficas - Cronolog\u00eda de la vida y la obra de Benito P\u00e9rez Gald\u00f3s\",\"isPartOf\":{\"@id\":\"https:\/\/batallitas.es\/benito-perez-galdos\/#website\"},\"datePublished\":\"2024-11-04T16:04:40+00:00\",\"dateModified\":\"2025-01-13T06:58:38+00:00\",\"breadcrumb\":{\"@id\":\"https:\/\/batallitas.es\/benito-perez-galdos\/fuentes\/#breadcrumb\"},\"inLanguage\":\"es\",\"potentialAction\":[{\"@type\":\"ReadAction\",\"target\":[\"https:\/\/batallitas.es\/benito-perez-galdos\/fuentes\/\"]}]},{\"@type\":\"BreadcrumbList\",\"@id\":\"https:\/\/batallitas.es\/benito-perez-galdos\/fuentes\/#breadcrumb\",\"itemListElement\":[{\"@type\":\"ListItem\",\"position\":1,\"name\":\"Portada\",\"item\":\"https:\/\/batallitas.es\/benito-perez-galdos\/\"},{\"@type\":\"ListItem\",\"position\":2,\"name\":\"Fuentes bibliogr\u00e1ficas\"}]},{\"@type\":\"WebSite\",\"@id\":\"https:\/\/batallitas.es\/benito-perez-galdos\/#website\",\"url\":\"https:\/\/batallitas.es\/benito-perez-galdos\/\",\"name\":\"Cronolog\u00eda de la vida y la obra de Benito P\u00e9rez Gald\u00f3s\",\"description\":\"\",\"potentialAction\":[{\"@type\":\"SearchAction\",\"target\":{\"@type\":\"EntryPoint\",\"urlTemplate\":\"https:\/\/batallitas.es\/benito-perez-galdos\/?s={search_term_string}\"},\"query-input\":{\"@type\":\"PropertyValueSpecification\",\"valueRequired\":true,\"valueName\":\"search_term_string\"}}],\"inLanguage\":\"es\"}]}<\/script>\n<!-- \/ Yoast SEO plugin. -->","yoast_head_json":{"title":"Fuentes bibliogr\u00e1ficas - Cronolog\u00eda de la vida y la obra de Benito P\u00e9rez Gald\u00f3s","robots":{"index":"index","follow":"follow","max-snippet":"max-snippet:-1","max-image-preview":"max-image-preview:large","max-video-preview":"max-video-preview:-1"},"canonical":"https:\/\/batallitas.es\/benito-perez-galdos\/fuentes\/","og_locale":"es_ES","og_type":"article","og_title":"Fuentes bibliogr\u00e1ficas - Cronolog\u00eda de la vida y la obra de Benito P\u00e9rez Gald\u00f3s","og_description":"Las principales fuentes de esta cronolog\u00eda son las siguientes: 1. El Omnib\u00fas Galdosiano (de donde proceden la mayor\u00eda de los&#46;&#46;&#46;","og_url":"https:\/\/batallitas.es\/benito-perez-galdos\/fuentes\/","og_site_name":"Cronolog\u00eda de la vida y la obra de Benito P\u00e9rez Gald\u00f3s","article_modified_time":"2025-01-13T06:58:38+00:00","og_image":[{"width":1200,"height":630,"url":"https:\/\/batallitas.es\/benito-perez-galdos\/wp-content\/uploads\/2025\/01\/facebook_thumbnail.jpg","type":"image\/jpeg"}],"twitter_card":"summary_large_image","twitter_misc":{"Tiempo de lectura":"4 minutos"},"schema":{"@context":"https:\/\/schema.org","@graph":[{"@type":"WebPage","@id":"https:\/\/batallitas.es\/benito-perez-galdos\/fuentes\/","url":"https:\/\/batallitas.es\/benito-perez-galdos\/fuentes\/","name":"Fuentes bibliogr\u00e1ficas - Cronolog\u00eda de la vida y la obra de Benito P\u00e9rez Gald\u00f3s","isPartOf":{"@id":"https:\/\/batallitas.es\/benito-perez-galdos\/#website"},"datePublished":"2024-11-04T16:04:40+00:00","dateModified":"2025-01-13T06:58:38+00:00","breadcrumb":{"@id":"https:\/\/batallitas.es\/benito-perez-galdos\/fuentes\/#breadcrumb"},"inLanguage":"es","potentialAction":[{"@type":"ReadAction","target":["https:\/\/batallitas.es\/benito-perez-galdos\/fuentes\/"]}]},{"@type":"BreadcrumbList","@id":"https:\/\/batallitas.es\/benito-perez-galdos\/fuentes\/#breadcrumb","itemListElement":[{"@type":"ListItem","position":1,"name":"Portada","item":"https:\/\/batallitas.es\/benito-perez-galdos\/"},{"@type":"ListItem","position":2,"name":"Fuentes bibliogr\u00e1ficas"}]},{"@type":"WebSite","@id":"https:\/\/batallitas.es\/benito-perez-galdos\/#website","url":"https:\/\/batallitas.es\/benito-perez-galdos\/","name":"Cronolog\u00eda de la vida y la obra de Benito P\u00e9rez Gald\u00f3s","description":"","potentialAction":[{"@type":"SearchAction","target":{"@type":"EntryPoint","urlTemplate":"https:\/\/batallitas.es\/benito-perez-galdos\/?s={search_term_string}"},"query-input":{"@type":"PropertyValueSpecification","valueRequired":true,"valueName":"search_term_string"}}],"inLanguage":"es"}]}},"_links":{"self":[{"href":"https:\/\/batallitas.es\/benito-perez-galdos\/wp-json\/wp\/v2\/pages\/9","targetHints":{"allow":["GET"]}}],"collection":[{"href":"https:\/\/batallitas.es\/benito-perez-galdos\/wp-json\/wp\/v2\/pages"}],"about":[{"href":"https:\/\/batallitas.es\/benito-perez-galdos\/wp-json\/wp\/v2\/types\/page"}],"author":[{"embeddable":true,"href":"https:\/\/batallitas.es\/benito-perez-galdos\/wp-json\/wp\/v2\/users\/1"}],"replies":[{"embeddable":true,"href":"https:\/\/batallitas.es\/benito-perez-galdos\/wp-json\/wp\/v2\/comments?post=9"}],"version-history":[{"count":7,"href":"https:\/\/batallitas.es\/benito-perez-galdos\/wp-json\/wp\/v2\/pages\/9\/revisions"}],"predecessor-version":[{"id":12533,"href":"https:\/\/batallitas.es\/benito-perez-galdos\/wp-json\/wp\/v2\/pages\/9\/revisions\/12533"}],"wp:attachment":[{"href":"https:\/\/batallitas.es\/benito-perez-galdos\/wp-json\/wp\/v2\/media?parent=9"}],"curies":[{"name":"wp","href":"https:\/\/api.w.org\/{rel}","templated":true}]}}